{"id":72,"date":"2020-05-06T17:22:52","date_gmt":"2020-05-06T17:22:52","guid":{"rendered":"http:\/\/steffen-heth.de\/?page_id=72"},"modified":"2022-10-28T14:58:20","modified_gmt":"2022-10-28T14:58:20","slug":"datenschutz","status":"publish","type":"page","link":"https:\/\/steffen-heth.de\/?page_id=72","title":{"rendered":"Datenschutz"},"content":{"rendered":"\n<h2>Datenschutz\u00aderkl\u00e4rung<\/h2>\n\n\n\n<p>Wir sind uns dar\u00fcber bewusst, dass Ihnen der Schutz Ihrer Privatsph\u00e4re bei der Benutzung unserer Website ein wichtiges Anliegen ist. Wir nehmen den Schutz Ihrer pers\u00f6nlichen Daten sehr ernst. Deshalb m\u00f6chten wir, dass Sie wissen, wann wir welche Daten speichern und wie wir sie verwenden. Wir m\u00f6chten Sie mit dieser Datenschutzerkl\u00e4rung \u00fcber unsere Ma\u00dfnahmen zum Datenschutz in Kenntnis setzen.<\/p>\n\n\n\n<h3>Erhebung personenbezogener Daten<\/h3>\n\n\n\n<p>Im Folgenden informieren wir \u00fcber die Erhebung personenbezogener Daten bei Nutzung unserer Website. Personenbezogene Daten sind alle Daten, die direkt oder indirekt auf Sie pers\u00f6nlich beziehbar sind, z. B. Name, Adresse, E-Mail-Adressen, Nutzerverhalten.<br>Wir verarbeiten Daten gem\u00e4\u00df DS-GVO Art. 6 Abs. 1 lit. a) b) c) f). Das bedeutet, dass wir personenbezogene Daten nur verarbeiten, wenn eine Einwilligung vorliegt (lit. a), soweit zur Erf\u00fcllung eines Vertrages oder vorvertraglicher Ma\u00dfnahmen erforderlich (lit. b), wir rechtlich dazu verpflichtet sind (lit. c) oder wir ein berechtigtes Interesse an der Verarbeitung haben (lit. f). Die entsprechende Rechtsgrundlage wird im Einzelfall benannt.<br>Bei Ihrer Kontaktaufnahme mit uns per E-Mail oder \u00fcber ein Kontaktformular werden die von Ihnen mitgeteilten Daten (Ihre E-Mail-Adresse, ggf. Ihr Name und Ihre Telefonnummer) von uns gespeichert, um Ihre Fragen zu beantworten. Die in diesem Zusammenhang anfallenden Daten l\u00f6schen wir, nachdem der Zweck der Anfrage entfallen ist. Je nach Art der Anfrage erheben wir diese Daten mit Ihrer ausdr\u00fccklichen Einwilligung gem. Art. 6 Abs. 1 lit. a) DSGVO, zur Abwicklung und Erf\u00fcllung eines Vertrages oder vorvertraglicher Ma\u00dfnahmen gem. Art. 6 Abs. 1 lit. b) DS-GVO oder bei einem berechtigten Interesse gem. Art. 6 Abs. 1 lit. f) DSGVO. Das berechtigte Interesse liegt dabei darin, Anfragen zu beantworten und \u00fcber unsere Produkte und Dienstleistungen zu informieren.<br>Bei der ausschlie\u00dflich informatorischen Nutzung der Website, also wenn Sie sich nicht registrieren oder uns anderweitig Informationen \u00fcbermitteln, werden nur die Daten erhoben, die Ihr Browser an den von uns genutzten Server \u00fcbermittelt. Wenn Sie unsere Website betrachten m\u00f6chten, werden die folgenden Daten erhoben, die f\u00fcr uns technisch erforderlich sind, um Ihnen unsere Website anzuzeigen und die Stabilit\u00e4t und Sicherheit zu gew\u00e4hrleisten. Die Weiterleitung erfolgt automatisiert durch Ihren Browser und ist bei der Nutzung des Internets diesem inh\u00e4rent. (Rechtsgrundlage ist Art. 6 Abs. 1 lit. f DS-GVO):<\/p>\n\n\n\n<ul><li>IP-Adresse<\/li><li>Datum und Uhrzeit der Anfrage<\/li><li>Zeitzonendifferenz zur Greenwich Mean Time (GMT)<\/li><li>Inhalt der Anforderung (konkrete Seite)<\/li><li>Zugriffsstatus\/HTTP-Statuscode<\/li><li>jeweils \u00fcbertragene Datenmenge<\/li><li>Website, von der die Anforderung kommt<\/li><li>Browser<\/li><li>Betriebssystem und dessen Oberfl\u00e4che<\/li><li>Sprache und Version der Browsersoftware.<\/li><\/ul>\n\n\n\n<h3>Verantwortlicher<\/h3>\n\n\n\n<p>Den Verantwortlichen gem. Art. 4 Nr. 7 EU-Datenschutz-Grundverordnung (DS-GVO) entnehmen Sie bitte dem Impressum.<\/p>\n\n\n\n<h3>Verwendungszwecke<\/h3>\n\n\n\n<p>Die von Ihnen erfassten pers\u00f6nlichen Daten werden wir nur dazu verwenden, Ihnen die gew\u00fcnschten Produkte oder Dienstleistungen bereitzustellen, oder aber zu anderen Zwecken, f\u00fcr die Sie Ihre Einwilligung erteilt haben, sofern keine anderslautenden gesetzlichen Verpflichtungen bestehen.<\/p>\n\n\n\n<h3>Betroffenenrechte<\/h3>\n\n\n\n<p>Sie haben gegen\u00fcber uns folgende Rechte hinsichtlich der Sie betreffenden personenbezogenen Daten:<\/p>\n\n\n\n<ul><li>Recht auf Auskunft,<\/li><li>Recht auf Berichtigung oder L\u00f6schung,<\/li><li>Recht auf Einschr\u00e4nkung der Verarbeitung,<\/li><li>Recht auf Widerspruch gegen die Verarbeitung,<\/li><li>Recht auf Daten\u00fcbertragbarkeit.<\/li><\/ul>\n\n\n\n<p>Sie haben zudem das Recht, sich bei einer Datenschutz-Aufsichtsbeh\u00f6rde \u00fcber die Verarbeitung Ihrer personenbezogenen Daten durch uns zu beschweren.<\/p>\n\n\n\n<h3>Recht auf Widerruf oder Widerspruch gegen die Verarbeitung Ihrer Daten<\/h3>\n\n\n\n<p>Falls Sie eine Einwilligung zur Verarbeitung Ihrer Daten erteilt haben, k\u00f6nnen Sie diese jederzeit widerrufen. Ein solcher Widerruf beeinflusst die Zul\u00e4ssigkeit der Verarbeitung Ihrer personenbezogenen Daten, nachdem Sie ihn gegen\u00fcber uns ausgesprochen haben.<\/p>\n\n\n\n<h3>Aufbewahrung von Daten<\/h3>\n\n\n\n<p>Wir speichern personenbezogene Daten, solange dies zur Erf\u00fcllung unserer vertraglichen sowie vor- und nachvertraglichen Verpflichtungen erforderlich ist. Dies ber\u00fchrt nicht Ihr Recht auf L\u00f6schung oder Einschr\u00e4nkung der Verarbeitung. Au\u00dferdem wird dadurch nicht unser Recht ber\u00fchrt die Daten bei rechtlich zwingenden Gr\u00fcnden (Art. 6 Abs. 1 lit. c) DS-GVO) oder bei Vorliegen eines berechtigten Interesses (Art. 6 Abs. 1 lit. b) DS-GVO) weiterhin zu speichern. Als berechtigtes Interesse kommen insbesondere das Pr\u00fcfen und Durchsetzen von Schadensersatz- und anderen Anspr\u00fcchen in Betracht.<br>Logdateien, die zur Stabilit\u00e4t und Sicherheit des Systems erforderlich sind werden nach vier Tagen automatisiert gel\u00f6scht.<\/p>\n\n\n\n<h3>Einsatz von Cookies<\/h3>\n\n\n\n<p>Zus\u00e4tzlich zu den zuvor genannten Daten werden bei Ihrer Nutzung unserer Website Cookies auf Ihrem Rechner gespeichert. Bei Cookies handelt es sich um kleine Textdateien, die auf Ihrer Festplatte dem von Ihnen verwendeten Browser zugeordnet gespeichert werden und durch welche der Stelle, die den Cookie setzt (hier durch uns), bestimmte Informationen zuflie\u00dfen. Cookies k\u00f6nnen keine Programme ausf\u00fchren oder Viren auf Ihren Computer \u00fcbertragen. Sie dienen dazu, das Internetangebot insgesamt nutzerfreundlicher und effektiver zu machen.<\/p>\n\n\n\n<ol><li>Diese Website nutzt folgende Arten von Cookies, deren Umfang und Funktionsweise im Folgenden erl\u00e4utert werden:<ul><li>Transiente Cookies (dazu b)<\/li><li>Persistente Cookies (dazu c).<\/li><\/ul><\/li><li>Transiente Cookies werden automatisiert gel\u00f6scht, wenn Sie den Browser schlie\u00dfen. Dazu z\u00e4hlen insbesondere die Session-Cookies. Diese speichern eine sogenannte Session-ID, mit welcher sich verschiedene Anfragen Ihres Browsers der gemeinsamen Sitzung zuordnen lassen. Dadurch kann Ihr Rechner wiedererkannt werden, wenn Sie auf unsere Website zur\u00fcckkehren. Die Session-Cookies werden gel\u00f6scht, wenn Sie sich ausloggen oder den Browser schlie\u00dfen.<\/li><li>Persistente Cookies werden automatisiert nach einer vorgegebenen Dauer gel\u00f6scht, die sich je nach Cookie unterscheiden kann. Sie k\u00f6nnen die Cookies in den Sicherheitseinstellungen Ihres Browsers jederzeit l\u00f6schen.<\/li><li>Sie k\u00f6nnen Ihre Browser-Einstellung entsprechend Ihren W\u00fcnschen konfigurieren und z. B. die Annahme von Third-Party-Cookies oder allen Cookies ablehnen. Wir weisen Sie darauf hin, dass Sie eventuell nicht alle Funktionen dieser Website nutzen k\u00f6nnen.<\/li><\/ol>\n\n\n\n<h3>Sicherheit<\/h3>\n\n\n\n<p>Wir setzen technische und organisatorische Sicherheitsma\u00dfnahmen ein, um Ihre zur Verf\u00fcgung gestellten Daten durch zuf\u00e4llige oder vors\u00e4tzliche Manipulation, Verlust, Zerst\u00f6rung oder Zugriff unberechtigter Personen zu sch\u00fctzen. Im Falle der Erhebung und Verarbeitung pers\u00f6nlicher Daten werden die Informationen in verschl\u00fcsselter Form \u00fcbertragen, um einem Missbrauch der Daten durch Dritte vorzubeugen. Unsere Sicherungsma\u00dfnahmen werden entsprechend der technologischen Entwicklung fortlaufend \u00fcberarbeitet.<\/p>\n\n\n\n<h3>Anpassungen<\/h3>\n\n\n\n<p>Die st\u00e4ndige Entwicklung des Internets macht von Zeit zu Zeit Anpassungen unserer Datenschutzerkl\u00e4rung erforderlich. Wir behalten uns vor, jederzeit entsprechende \u00c4nderungen vorzunehmen.<\/p>\n\n\n\n<h3>Nutzungsstatistik<\/h3>\n\n\n\n<p>Beim Besuch unserer Seite wird von uns anonymisiert erfasst, auf welchem Weg die Besucher zu unserer Webseite gekommen sind und wie viele Nutzer die Seite aufgerufen haben. (Suchmaschine, Verlinkung, direkte Eingabe oder Werbema\u00dfnahmen) Die Daten werden nicht dazu genutzt einzelne Besucher zu identifizieren, sondern ausschlie\u00dflich zur \u00dcbermittlung quantitativer Gr\u00f6\u00dfen. Die Statistik kann nicht dazu genutzt werden ihr Verhalten auf anderen Webseiten nachzuvollziehen. Die Daten werden nicht mit anderen Diensten verkn\u00fcpft. Wenn Sie das Setzen von Cookies in Ihrem Browser deaktiviert haben, werden Ihre Besuche nicht erfasst. Ansonsten werden diese Cookies nach sieben Tagen automatisiert gel\u00f6scht.<\/p>\n\n\n\n<h3>Inhalte Dritter auf der Webseite<\/h3>\n\n\n\n<p>Unser Internetauftritt integriert Inhalte anderer Anbieter. Dies k\u00f6nnen reine Content-Elemente (z.B. Nachrichten, Neuigkeiten), aber auch Widgets (Funktionen wie z.B. Buchungssysteme) oder z.B. Schriften und technische Bibliotheken sein.  Bitte beachten Sie diesbez\u00fcglich die jeweiligen Datenschutzerkl\u00e4rungen der Drittanbieter.<\/p>\n\n\n\n<h3>Zusatz zu Datenaufbewahrung:<\/h3>\n\n\n\n<p>Wenn kein Auftrag zustande kommt, werden die Daten nach 2 Jahren gel\u00f6scht.<\/p>\n","protected":false},"excerpt":{"rendered":"<p>Datenschutz\u00aderkl\u00e4rung Wir sind uns dar\u00fcber bewusst, dass Ihnen der Schutz Ihrer Privatsph\u00e4re bei der Benutzung unserer Website ein wichtiges Anliegen ist. Wir nehmen den Schutz Ihrer pers\u00f6nlichen Daten sehr ernst. Deshalb m\u00f6chten wir, dass Sie wissen, wann wir welche Daten speichern und wie wir sie verwenden. Wir m\u00f6chten Sie mit dieser Datenschutzerkl\u00e4rung \u00fcber unsere Ma\u00dfnahmen &hellip; <a href=\"https:\/\/steffen-heth.de\/?page_id=72\" class=\"more-link\">Continue reading <span class=\"screen-reader-text\">Datenschutz<\/span><\/a><\/p>\n","protected":false},"author":1,"featured_media":0,"parent":0,"menu_order":0,"comment_status":"closed","ping_status":"closed","template":"","meta":[],"_links":{"self":[{"href":"https:\/\/steffen-heth.de\/index.php?rest_route=\/wp\/v2\/pages\/72"}],"collection":[{"href":"https:\/\/steffen-heth.de\/index.php?rest_route=\/wp\/v2\/pages"}],"about":[{"href":"https:\/\/steffen-heth.de\/index.php?rest_route=\/wp\/v2\/types\/page"}],"author":[{"embeddable":true,"href":"https:\/\/steffen-heth.de\/index.php?rest_route=\/wp\/v2\/users\/1"}],"replies":[{"embeddable":true,"href":"https:\/\/steffen-heth.de\/index.php?rest_route=%2Fwp%2Fv2%2Fcomments&post=72"}],"version-history":[{"count":2,"href":"https:\/\/steffen-heth.de\/index.php?rest_route=\/wp\/v2\/pages\/72\/revisions"}],"predecessor-version":[{"id":269,"href":"https:\/\/steffen-heth.de\/index.php?rest_route=\/wp\/v2\/pages\/72\/revisions\/269"}],"wp:attachment":[{"href":"https:\/\/steffen-heth.de\/index.php?rest_route=%2Fwp%2Fv2%2Fmedia&parent=72"}],"curies":[{"name":"wp","href":"https:\/\/api.w.org\/{rel}","templated":true}]}}