{"id":260,"date":"2022-10-28T13:44:31","date_gmt":"2022-10-28T13:44:31","guid":{"rendered":"https:\/\/steffen-heth.de\/?page_id=260"},"modified":"2022-10-28T13:44:31","modified_gmt":"2022-10-28T13:44:31","slug":"cookie-erklaerung","status":"publish","type":"page","link":"https:\/\/steffen-heth.de\/?page_id=260","title":{"rendered":"Cookie Erkl\u00e4rung"},"content":{"rendered":"\n<p style=\"font-size:24px\"><strong>Was sind Cookies?<\/strong><\/p>\n\n\n\n<p><br>In dieser Cookie-Richtlinie wird erkl\u00e4rt, was Cookies sind und wie wir sie verwenden, welche Arten von Cookies wir verwenden, welche Informationen wir mit Hilfe von Cookies sammeln und wie diese Informationen verwendet werden, und wie Sie Ihre Cookie-Einstellungen verwalten k\u00f6nnen.<\/p>\n\n\n\n<p>Cookies sind kleine Textdateien, die dazu dienen, kleine Informationen zu speichern. Sie werden auf Ihrem Ger\u00e4t gespeichert, wenn die Website \u00fcber Ihren Browser geladen wird. Diese Cookies helfen uns, die Website ordnungsgem\u00e4\u00df funktionieren zu lassen, sie sicherer zu machen, die Benutzererfahrung zu verbessern und zu verstehen, wie die Website funktioniert und zu analysieren, was funktioniert und wo sie verbessert werden muss.<\/p>\n\n\n\n<p style=\"font-size:24px\"><strong>Wie verwenden wir Cookies?<\/strong><\/p>\n\n\n\n<p>Wie die meisten Online-Dienste verwendet auch unsere Website Erstanbieter- und Drittanbieter-Cookies f\u00fcr verschiedene Zwecke. Cookies von Erstanbietern sind meist notwendig, damit die Website richtig funktioniert, und sie erfassen keine personenbezogenen Daten.<\/p>\n\n\n\n<p>Die Cookies von Drittanbietern, die auf unserer Website verwendet werden, dienen haupts\u00e4chlich dazu, zu verstehen, wie die Website funktioniert, wie Sie mit unserer Website interagieren, unsere Dienste sicher zu halten, Ihnen f\u00fcr Sie relevante Werbung bereitzustellen und Ihnen alles in allem eine bessere und verbesserte Benutzererfahrung zu bieten und Ihre zuk\u00fcnftigen Interaktionen mit unserer Website zu beschleunigen.<\/p>\n\n\n\n<p style=\"font-size:24px\"><strong>Arten von Cookies, die wir verwenden<\/strong><\/p>\n\n\n\n<p><strong>Notwendig (1)<\/strong><\/p>\n\n\n\n<p>Notwendige Cookies helfen dabei, eine Webseite nutzbar zu machen, indem sie Grundfunktionen wie Seitennavigation und Zugriff auf sichere Bereiche der Webseite erm\u00f6glichen. Die Webseite kann ohne diese Cookies nicht richtig funktionieren.<\/p>\n\n\n\n<figure class=\"wp-block-table\"><table><tbody><tr><td><strong>Name<\/strong><\/td><td><strong>Anbieter<\/strong><\/td><td><strong>Zweck<\/strong><\/td><td><strong>Ablauf<\/strong><\/td><td><strong>Typ<\/strong><\/td><\/tr><tr><td>cookieyes-consent<\/td><td>CookieYes<\/td><td>Speichert den Zustimmungsstatus des Benutzers f\u00fcr Cookies auf der aktuellen Dom\u00e4ne.<\/td><td>1 Jahr<\/td><td>HTTP Cookie<\/td><\/tr><\/tbody><\/table><\/figure>\n\n\n\n<p><strong>Pr\u00e4ferenzen (0)<\/strong><\/p>\n\n\n\n<p>Pr\u00e4ferenz-Cookies erm\u00f6glichen die Speicherung Ihrer Aktionen auf der Website. Dies kann sich auf das Verhalten oder Aussehen einer Webseite auswirken, wie z. B. Ihre bevorzugte Sprache oder die Region in der Sie sich befinden.<\/p>\n\n\n\n<p><strong>Statistiken (0)<\/strong><\/p>\n\n\n\n<p>Um unser Angebot und unsere Webseite weiter zu verbessern, erfassen wir anonymisierte Daten f\u00fcr Statistiken und Analysen. Mithilfe dieser Cookies k\u00f6nnen wir beispielsweise die Besucherzahlen und den Effekt bestimmter Seiten unseres Webauftritts ermitteln und unsere Inhalte optimieren.<\/p>\n\n\n\n<p><strong>Nicht klassifiziert (0)<\/strong><\/p>\n\n\n\n<p>Nicht klassifizierte Cookies sind Cookies, die wir gerade versuchen zu klassifizieren, zusammen mit Anbietern von individuellen Cookies.<\/p>\n\n\n\n<p style=\"font-size:24px\"><strong>Cookie-Einstellungen verwalten<\/strong><\/p>\n\n\n\n<p>Sie k\u00f6nnen Ihre Cookie-Einstellungen jederzeit \u00e4ndern, indem Sie auf die untere rechte Schaltfl\u00e4che klicken. So k\u00f6nnen Sie das Cookie-Einwilligungsbanner erneut aufrufen und Ihre Einstellungen \u00e4ndern oder Ihre Einwilligung sofort widerrufen.<\/p>\n\n\n\n<p>Dar\u00fcber hinaus bieten verschiedene Browser unterschiedliche Methoden zum Blockieren und L\u00f6schen von Cookies, die von Websites verwendet werden. Sie k\u00f6nnen die Einstellungen Ihres Browsers \u00e4ndern, um die Cookies zu blockieren\/l\u00f6schen. Nachfolgend finden Sie Links zu den Support-Dokumenten der wichtigsten Webbrowser, in denen beschrieben wird, wie Sie Cookies verwalten und l\u00f6schen k\u00f6nnen.<\/p>\n\n\n\n<p>Chrome: <a href=\"https:\/\/support.google.com\/accounts\/answer\/32050\" target=\"_blank\" rel=\"noreferrer noopener\">https:\/\/support.google.com\/accounts\/answer\/32050<\/a><\/p>\n\n\n\n<p>Safari: <a href=\"https:\/\/support.apple.com\/en-in\/guide\/safari\/sfri11471\/mac\" target=\"_blank\" rel=\"noreferrer noopener\">https:\/\/support.apple.com\/en-in\/guide\/safari\/sfri11471\/mac<\/a><\/p>\n\n\n\n<p>Firefox: <a href=\"https:\/\/support.mozilla.org\/en-US\/kb\/clear-cookies-and-site-data-firefox?redirectslug=delete-cookies-remove-info-websites-stored&amp;redirectlocale=en-US\" target=\"_blank\" rel=\"noreferrer noopener\">https:\/\/support.mozilla.org\/en-US\/kb\/clear-cookies-and-site-data-firefox?redirectslug=delete-cookies-remove-info-websites-stored&amp;redirectlocale=en-US<\/a><\/p>\n\n\n\n<p>Internet Explorer: <a href=\"https:\/\/support.microsoft.com\/en-us\/topic\/how-to-delete-cookie-files-in-internet-explorer-bca9446f-d873-78de-77ba-d42645fa52fc\" target=\"_blank\" rel=\"noreferrer noopener\">https:\/\/support.microsoft.com\/en-us\/topic\/how-to-delete-cookie-files-in-internet-explorer-bca9446f-d873-78de-77ba-d42645fa52fc<\/a><\/p>\n\n\n\n<p>Wenn Sie einen anderen Webbrowser verwenden, besuchen Sie bitte die offiziellen Support-Dokumente Ihres Browsers.<\/p>\n","protected":false},"excerpt":{"rendered":"<p>Was sind Cookies? In dieser Cookie-Richtlinie wird erkl\u00e4rt, was Cookies sind und wie wir sie verwenden, welche Arten von Cookies wir verwenden, welche Informationen wir mit Hilfe von Cookies sammeln und wie diese Informationen verwendet werden, und wie Sie Ihre Cookie-Einstellungen verwalten k\u00f6nnen. Cookies sind kleine Textdateien, die dazu dienen, kleine Informationen zu speichern. Sie &hellip; <a href=\"https:\/\/steffen-heth.de\/?page_id=260\" class=\"more-link\">Continue reading <span class=\"screen-reader-text\">Cookie Erkl\u00e4rung<\/span><\/a><\/p>\n","protected":false},"author":1,"featured_media":0,"parent":0,"menu_order":0,"comment_status":"closed","ping_status":"closed","template":"","meta":[],"_links":{"self":[{"href":"https:\/\/steffen-heth.de\/index.php?rest_route=\/wp\/v2\/pages\/260"}],"collection":[{"href":"https:\/\/steffen-heth.de\/index.php?rest_route=\/wp\/v2\/pages"}],"about":[{"href":"https:\/\/steffen-heth.de\/index.php?rest_route=\/wp\/v2\/types\/page"}],"author":[{"embeddable":true,"href":"https:\/\/steffen-heth.de\/index.php?rest_route=\/wp\/v2\/users\/1"}],"replies":[{"embeddable":true,"href":"https:\/\/steffen-heth.de\/index.php?rest_route=%2Fwp%2Fv2%2Fcomments&post=260"}],"version-history":[{"count":5,"href":"https:\/\/steffen-heth.de\/index.php?rest_route=\/wp\/v2\/pages\/260\/revisions"}],"predecessor-version":[{"id":266,"href":"https:\/\/steffen-heth.de\/index.php?rest_route=\/wp\/v2\/pages\/260\/revisions\/266"}],"wp:attachment":[{"href":"https:\/\/steffen-heth.de\/index.php?rest_route=%2Fwp%2Fv2%2Fmedia&parent=260"}],"curies":[{"name":"wp","href":"https:\/\/api.w.org\/{rel}","templated":true}]}}